{"id":1355,"date":"2026-02-01T10:45:34","date_gmt":"2026-02-01T10:45:34","guid":{"rendered":"https:\/\/weisszahn.de\/?post_type=product&#038;p=1355"},"modified":"2026-02-01T10:48:15","modified_gmt":"2026-02-01T10:48:15","slug":"zahnaufhellungs-puder-white-powder","status":"publish","type":"product","link":"https:\/\/weisszahn.de\/en_us\/product\/zahnaufhellungs-puder-white-powder\/","title":{"rendered":"Zahnaufhellungs-Puder \u201eWhite Powder\u201c"},"content":{"rendered":"<p>Dieses Zahnpulver ist eine einfache M\u00f6glichkeit, oberfl\u00e4chliche Flecken zu reduzieren und die Z\u00e4hne sauberer wirken zu lassen. Ideal als Erg\u00e4nzung zur t\u00e4glichen Zahnpflege.<br \/>\nVorteile:<\/p>\n<p>hilft bei oberfl\u00e4chlichen Verf\u00e4rbungen<\/p>\n<p>einfache Anwendung mit feuchter Zahnb\u00fcrste<\/p>\n<p>f\u00fcr den Alltag geeignet<\/p>\n<p>Anwendung: Zahnb\u00fcrste anfeuchten, etwas Pulver aufnehmen und 2 Minuten sanft putzen, dann aussp\u00fclen.<br \/>\nEmpfehlung: Nicht \u00f6fter als 1\u20132\u00d7 t\u00e4glich verwenden.<\/p>","protected":false},"excerpt":{"rendered":"<p>Sanftes Zahnpulver, das oberfl\u00e4chliche Verf\u00e4rbungen (Kaffee\/Tee) reduzieren kann.<\/p>","protected":false},"featured_media":1357,"comment_status":"open","ping_status":"closed","template":"","meta":{"om_disable_all_campaigns":false,"inline_featured_image":false,"_mi_skip_tracking":false},"product_cat":[],"product_tag":[],"class_list":["post-1355","product","type-product","status-publish","has-post-thumbnail","hentry"],"aioseo_notices":[],"_links":{"self":[{"href":"https:\/\/weisszahn.de\/en_us\/wp-json\/wp\/v3\/product\/1355"}],"collection":[{"href":"https:\/\/weisszahn.de\/en_us\/wp-json\/wp\/v3\/product"}],"about":[{"href":"https:\/\/weisszahn.de\/en_us\/wp-json\/wp\/v2\/types\/product"}],"replies":[{"embeddable":true,"href":"https:\/\/weisszahn.de\/en_us\/wp-json\/wp\/v2\/comments?post=1355"}],"version-history":[{"count":1,"href":"https:\/\/weisszahn.de\/en_us\/wp-json\/wp\/v3\/product\/1355\/revisions"}],"predecessor-version":[{"id":1358,"href":"https:\/\/weisszahn.de\/en_us\/wp-json\/wp\/v3\/product\/1355\/revisions\/1358"}],"wp:featuredmedia":[{"embeddable":true,"href":"https:\/\/weisszahn.de\/en_us\/wp-json\/wp\/v2\/media\/1357"}],"wp:attachment":[{"href":"https:\/\/weisszahn.de\/en_us\/wp-json\/wp\/v2\/media?parent=1355"}],"wp:term":[{"taxonomy":"product_cat","embeddable":true,"href":"https:\/\/weisszahn.de\/en_us\/wp-json\/wp\/v2\/product_cat?post=1355"},{"taxonomy":"product_tag","embeddable":true,"href":"https:\/\/weisszahn.de\/en_us\/wp-json\/wp\/v2\/product_tag?post=1355"}],"curies":[{"name":"wp","href":"https:\/\/api.w.org\/{rel}","templated":true}]}}