{"id":1351,"date":"2026-02-01T10:41:57","date_gmt":"2026-02-01T10:41:57","guid":{"rendered":"https:\/\/weisszahn.de\/?post_type=product&#038;p=1351"},"modified":"2026-02-01T10:44:33","modified_gmt":"2026-02-01T10:44:33","slug":"bodylotion-hydra-vitamin-c","status":"publish","type":"product","link":"https:\/\/weisszahn.de\/en_us\/product\/bodylotion-hydra-vitamin-c\/","title":{"rendered":"Bodylotion \u201eHydra Vitamin C\u201c"},"content":{"rendered":"<p>Eine leichte Bodylotion f\u00fcr alle, die Pflege m\u00f6chten, aber keine schwere Creme. Hyaluron hilft, Feuchtigkeit zu speichern, Vitamin C wird oft f\u00fcr ein frischeres Hautgef\u00fchl verwendet.<br \/>\nVorteile:<\/p>\n<p>leichte Textur, klebt nicht<\/p>\n<p>ideal f\u00fcr Alltag, Sport, morgens oder abends<\/p>\n<p>praktischer Spender f\u00fcr einfaches Dosieren<\/p>","protected":false},"excerpt":{"rendered":"<p>Leichte Lotion mit Hyaluron &#038; Vitamin C \u2013 zieht schnell ein und sorgt f\u00fcr ein frisches Hautgef\u00fchl.<\/p>","protected":false},"featured_media":1353,"comment_status":"open","ping_status":"closed","template":"","meta":{"om_disable_all_campaigns":false,"inline_featured_image":false,"_mi_skip_tracking":false},"product_cat":[],"product_tag":[],"class_list":["post-1351","product","type-product","status-publish","has-post-thumbnail","hentry"],"aioseo_notices":[],"_links":{"self":[{"href":"https:\/\/weisszahn.de\/en_us\/wp-json\/wp\/v3\/product\/1351"}],"collection":[{"href":"https:\/\/weisszahn.de\/en_us\/wp-json\/wp\/v3\/product"}],"about":[{"href":"https:\/\/weisszahn.de\/en_us\/wp-json\/wp\/v2\/types\/product"}],"replies":[{"embeddable":true,"href":"https:\/\/weisszahn.de\/en_us\/wp-json\/wp\/v2\/comments?post=1351"}],"version-history":[{"count":1,"href":"https:\/\/weisszahn.de\/en_us\/wp-json\/wp\/v3\/product\/1351\/revisions"}],"predecessor-version":[{"id":1354,"href":"https:\/\/weisszahn.de\/en_us\/wp-json\/wp\/v3\/product\/1351\/revisions\/1354"}],"wp:featuredmedia":[{"embeddable":true,"href":"https:\/\/weisszahn.de\/en_us\/wp-json\/wp\/v2\/media\/1353"}],"wp:attachment":[{"href":"https:\/\/weisszahn.de\/en_us\/wp-json\/wp\/v2\/media?parent=1351"}],"wp:term":[{"taxonomy":"product_cat","embeddable":true,"href":"https:\/\/weisszahn.de\/en_us\/wp-json\/wp\/v2\/product_cat?post=1351"},{"taxonomy":"product_tag","embeddable":true,"href":"https:\/\/weisszahn.de\/en_us\/wp-json\/wp\/v2\/product_tag?post=1351"}],"curies":[{"name":"wp","href":"https:\/\/api.w.org\/{rel}","templated":true}]}}